{"id":13,"date":"2014-08-27T19:35:49","date_gmt":"2014-08-27T19:35:49","guid":{"rendered":"http:\/\/www.ritzplazamar.com.br\/?page_id=13"},"modified":"2025-11-06T14:18:51","modified_gmt":"2025-11-06T14:18:51","slug":"reservas-e-contato","status":"publish","type":"page","link":"https:\/\/coqueirosexpress.com.br\/es\/reservas-e-contato\/","title":{"rendered":"Reservas y Contacto"},"content":{"rendered":"<div class=\"row\">\n<div class=\"col-sm-3\">\n<h3>Central de Reservas<\/h3>\n<p><strong>Tel.:<\/strong> +55 (82) 3028.6868<br \/>\n<strong>Whatsapp:<\/strong><span><span>\u00a0<\/span>(82)\u00a0<\/span><span>99318.1804<\/span><br \/>\nreservas@coqueirosexpress.com.br<br \/>\nreservas2@coqueirosexpress.com.br<\/p>\n<h4>Informaciones adicionales<\/h4>\n<ul>\n<li><small>El desayuno se sirve en el restaurante (incluido en el precio de la di\u00e1ria);<\/small><\/li>\n<li><small>01 ni\u00f1o de hasta 07 a\u00f1os en la misma habitaci\u00f3n de los padres;<\/small><\/li>\n<li><small>Check-In a partir das 15:00 horas e Check-Out at\u00e9 \u00e0s 12:00 horas;<\/small><\/li>\n<li><small>No cobramos tasa de servicio.<\/small><\/li>\n<\/ul>\n<\/div>\n<div class=\"col-sm-9\">\n<div class=\"row page-level\">\n<div class=\"page-level-content\">\n<h3>Introduzca el per\u00edodo que desea permanecer<\/h3>\n\n<div class=\"wpcf7 no-js\" id=\"wpcf7-f326-o1\" lang=\"pt-BR\" dir=\"ltr\" data-wpcf7-id=\"326\">\n<div class=\"screen-reader-response\"><p role=\"status\" aria-live=\"polite\" aria-atomic=\"true\"><\/p> <ul><\/ul><\/div>\n<form action=\"\/es\/wp-json\/wp\/v2\/pages\/13#wpcf7-f326-o1\" method=\"post\" class=\"wpcf7-form init\" aria-label=\"Formul\u00e1rios de contato\" novalidate=\"novalidate\" data-status=\"init\" data-trp-original-action=\"\/es\/wp-json\/wp\/v2\/pages\/13#wpcf7-f326-o1\">\n<div style=\"display: none;\">\n<input type=\"hidden\" name=\"_wpcf7\" value=\"326\" \/>\n<input type=\"hidden\" name=\"_wpcf7_version\" value=\"6.0.6\" \/>\n<input type=\"hidden\" name=\"_wpcf7_locale\" value=\"pt_BR\" \/>\n<input type=\"hidden\" name=\"_wpcf7_unit_tag\" value=\"wpcf7-f326-o1\" \/>\n<input type=\"hidden\" name=\"_wpcf7_container_post\" value=\"0\" \/>\n<input type=\"hidden\" name=\"_wpcf7_posted_data_hash\" value=\"\" \/>\n<\/div>\n<div class=\"col-sm-6 no-padding\">\n\t<div class=\"col-xs-12 no-padding\">\n\t\t<p><br \/>\nNome completo*<br \/>\n<span class=\"wpcf7-form-control-wrap\" data-name=\"nome\"><input size=\"40\" maxlength=\"400\" class=\"wpcf7-form-control wpcf7-text wpcf7-validates-as-required input large-field\" aria-required=\"true\" aria-invalid=\"false\" value=\"\" type=\"text\" name=\"nome\" \/><\/span>\n\t\t<\/p>\n\t<\/div>\n\t<div class=\"col-xs-12 no-padding\">\n\t\t<p><br \/>\nE-mail*<br \/>\n<span class=\"wpcf7-form-control-wrap\" data-name=\"email\"><input size=\"40\" maxlength=\"400\" class=\"wpcf7-form-control wpcf7-email wpcf7-validates-as-required wpcf7-text wpcf7-validates-as-email input large-field\" aria-required=\"true\" aria-invalid=\"false\" value=\"\" type=\"email\" name=\"email\" \/><\/span>\n\t\t<\/p>\n\t<\/div>\n\t<div class=\"col-xs-12 no-padding\">\n\t\t<div class=\"col-sm-6 no-padding\">\n\t\t\t<p><br \/>\nTelefone*<br \/>\n<span class=\"wpcf7-form-control-wrap\" data-name=\"telefone\"><input size=\"40\" maxlength=\"400\" class=\"wpcf7-form-control wpcf7-tel wpcf7-validates-as-required wpcf7-text wpcf7-validates-as-tel input large-field\" aria-required=\"true\" aria-invalid=\"false\" value=\"\" type=\"tel\" name=\"telefone\" \/><\/span>\n\t\t\t<\/p>\n\t\t<\/div>\n\t\t<div class=\"col-sm-6\">\n\t\t\t<p><br \/>\nCelular*<br \/>\n<span class=\"wpcf7-form-control-wrap\" data-name=\"celular\"><input size=\"40\" maxlength=\"400\" class=\"wpcf7-form-control wpcf7-tel wpcf7-validates-as-required wpcf7-text wpcf7-validates-as-tel input large-field\" aria-required=\"true\" aria-invalid=\"false\" value=\"\" type=\"tel\" name=\"celular\" \/><\/span>\n\t\t\t<\/p>\n\t\t<\/div>\n\t<\/div>\n\t<div class=\"col-xs-12 no-padding\">\n\t\t<div class=\"col-sm-6 no-padding\">\n\t\t\t<p><br \/>\nChegada*<br \/>\n<span class=\"wpcf7-form-control-wrap\" data-name=\"checkin\"><input class=\"wpcf7-form-control wpcf7-date wpcf7-validates-as-required wpcf7-validates-as-date input\" aria-required=\"true\" aria-invalid=\"false\" value=\"\" type=\"date\" name=\"checkin\" \/><\/span>\n\t\t\t<\/p>\n\t\t<\/div>\n\t\t<div class=\"col-sm-6\">\n\t\t\t<p><br \/>\nSa\u00edda*<br \/>\n<span class=\"wpcf7-form-control-wrap\" data-name=\"checkout\"><input class=\"wpcf7-form-control wpcf7-date wpcf7-validates-as-required wpcf7-validates-as-date input\" aria-required=\"true\" aria-invalid=\"false\" value=\"\" type=\"date\" name=\"checkout\" \/><\/span>\n\t\t\t<\/p>\n\t\t<\/div>\n\t<\/div>\n<\/div>\n<div class=\"col-sm-6\">\n\t<div class=\"col-xs-12 no-padding\">\n\t\t<div class=\"col-sm-6 no-padding\">\n\t\t\t<p><br \/>\nAdultos*<br \/>\n<span class=\"wpcf7-form-control-wrap\" data-name=\"adultos\"><select class=\"wpcf7-form-control wpcf7-select wpcf7-validates-as-required input\" aria-required=\"true\" aria-invalid=\"false\" name=\"adultos\"><option value=\"\">&#8212;Escolha uma op\u00e7\u00e3o&#8212;<\/option><option value=\"1\">1<\/option><option value=\"2\">2<\/option><option value=\"3\">3<\/option><option value=\"4\">4<\/option><\/select><\/span>\n\t\t\t<\/p>\n\t\t<\/div>\n\t\t<div class=\"col-sm-6\">\n\t\t\t<p><br \/>\nCrian\u00e7as*<br \/>\n<span class=\"wpcf7-form-control-wrap\" data-name=\"criancas\"><select class=\"wpcf7-form-control wpcf7-select wpcf7-validates-as-required input\" aria-required=\"true\" aria-invalid=\"false\" name=\"criancas\"><option value=\"\">&#8212;Escolha uma op\u00e7\u00e3o&#8212;<\/option><option value=\"0\">0<\/option><option value=\"1\">1<\/option><option value=\"2\">2<\/option><option value=\"3\">3<\/option><option value=\"4\">4<\/option><\/select><\/span>\n\t\t\t<\/p>\n\t\t<\/div>\n\t<\/div>\n\t<div class=\"col-xs-12 no-padding\">\n\t\t<p><br \/>\nEndere\u00e7o*<br \/>\n<span class=\"wpcf7-form-control-wrap\" data-name=\"endereco\"><input size=\"40\" maxlength=\"400\" class=\"wpcf7-form-control wpcf7-text wpcf7-validates-as-required input large-field\" aria-required=\"true\" aria-invalid=\"false\" value=\"\" type=\"text\" name=\"endereco\" \/><\/span>\n\t\t<\/p>\n\t<\/div>\n\t<div class=\"col-xs-12 no-padding\">\n\t\t<div class=\"col-sm-4 no-padding\">\n\t\t\t<p><br \/>\nCEP*<br \/>\n<span class=\"wpcf7-form-control-wrap\" data-name=\"cep\"><input size=\"40\" maxlength=\"400\" class=\"wpcf7-form-control wpcf7-text wpcf7-validates-as-required input large-field\" aria-required=\"true\" aria-invalid=\"false\" value=\"\" type=\"text\" name=\"cep\" \/><\/span>\n\t\t\t<\/p>\n\t\t<\/div>\n\t\t<div class=\"col-sm-4\">\n\t\t\t<p><br \/>\nCidade*<br \/>\n<span class=\"wpcf7-form-control-wrap\" data-name=\"cidade\"><input size=\"40\" maxlength=\"400\" class=\"wpcf7-form-control wpcf7-text wpcf7-validates-as-required input large-field\" aria-required=\"true\" aria-invalid=\"false\" value=\"\" type=\"text\" name=\"cidade\" \/><\/span>\n\t\t\t<\/p>\n\t\t<\/div>\n\t\t<div class=\"col-sm-4\">\n\t\t\t<p><br \/>\nEstado<br \/>\n<span class=\"wpcf7-form-control-wrap\" data-name=\"estado\"><select class=\"wpcf7-form-control wpcf7-select input\" aria-invalid=\"false\" name=\"estado\"><option value=\"\">&#8212;Escolha uma op\u00e7\u00e3o&#8212;<\/option><option value=\"AC\">AC<\/option><option value=\"AL\">AL<\/option><option value=\"AP\">AP<\/option><option value=\"AM\">AM<\/option><option value=\"BA\">BA<\/option><option value=\"CE\">CE<\/option><option value=\"DF\">DF<\/option><option value=\"ES\">ES<\/option><option value=\"GO\">GO<\/option><option value=\"MA\">MA<\/option><option value=\"MT\">MT<\/option><option value=\"MS\">MS<\/option><option value=\"MG\">MG<\/option><option value=\"PA\">PA<\/option><option value=\"PB\">PB<\/option><option value=\"PR\">PR<\/option><option value=\"PE\">PE<\/option><option value=\"PI\">PI<\/option><option value=\"RJ\">RJ<\/option><option value=\"RN\">RN<\/option><option value=\"RS\">RS<\/option><option value=\"RO\">RO<\/option><option value=\"RR\">RR<\/option><option value=\"SC\">SC<\/option><option value=\"SP\">SP<\/option><option value=\"SE\">SE<\/option><option value=\"TO\">TO<\/option><\/select><\/span>\n\t\t\t<\/p>\n\t\t<\/div>\n\t<\/div>\n\t<p><br \/>\nDigite os caracteres abaixo:<br \/>\n<input type=\"hidden\" name=\"_wpcf7_captcha_challenge_captcha-15\" value=\"2711365409\" \/><img loading=\"lazy\" decoding=\"async\" class=\"wpcf7-form-control wpcf7-captchac wpcf7-captcha-captcha-15\" width=\"72\" height=\"24\" alt=\"captcha\" src=\"https:\/\/coqueirosexpress.com.br\/wp\/wp-content\/uploads\/wpcf7_captcha\/2711365409.png\" \/><span class=\"wpcf7-form-control-wrap\" data-name=\"captcha-15\"><input size=\"10\" class=\"wpcf7-form-control wpcf7-captchar input\" autocomplete=\"off\" aria-invalid=\"false\" value=\"\" type=\"text\" name=\"captcha-15\" \/><\/span>\n\t<\/p>\n\t<p><br \/>\n<input class=\"wpcf7-form-control wpcf7-submit has-spinner btn btn-level btn-level-2 pull-right\" type=\"submit\" value=\"Enviar\" \/>\n\t<\/p>\n\t<div class=\"clearfix\">\n\t<\/div>\n<\/div><div class=\"wpcf7-response-output\" aria-hidden=\"true\"><\/div>\n<input type=\"hidden\" name=\"trp-form-language\" value=\"es\"\/><\/form>\n<\/div>\n\n<\/div>\n<\/div>\n<\/div>\n<\/div>","protected":false},"excerpt":{"rendered":"<p>Central de Reservas Tel.: +55 (82) 3028.6868 Whatsapp:\u00a0(82)\u00a099318.1804 reservas@coqueirosexpress.com.br reservas2@coqueirosexpress.com.br Informa\u00e7\u00f5es adicionais Caf\u00e9 da manh\u00e3 servido no restaurante (incluso na di\u00e1ria); 01 crian\u00e7a at\u00e9 07 anos no mesmo apto dos pais; Check-In a partir das 15:00 horas e Check-Out at\u00e9 \u00e0s 12:00 horas; N\u00e3o cobramos taxa de servi\u00e7o; Informe o per\u00edodo em que deseja se [&hellip;]<\/p>","protected":false},"author":2,"featured_media":0,"parent":0,"menu_order":0,"comment_status":"open","ping_status":"open","template":"","meta":{"_acf_changed":false,"footnotes":""},"class_list":["post-13","page","type-page","status-publish","hentry"],"acf":[],"_links":{"self":[{"href":"https:\/\/coqueirosexpress.com.br\/es\/wp-json\/wp\/v2\/pages\/13","targetHints":{"allow":["GET"]}}],"collection":[{"href":"https:\/\/coqueirosexpress.com.br\/es\/wp-json\/wp\/v2\/pages"}],"about":[{"href":"https:\/\/coqueirosexpress.com.br\/es\/wp-json\/wp\/v2\/types\/page"}],"author":[{"embeddable":true,"href":"https:\/\/coqueirosexpress.com.br\/es\/wp-json\/wp\/v2\/users\/2"}],"replies":[{"embeddable":true,"href":"https:\/\/coqueirosexpress.com.br\/es\/wp-json\/wp\/v2\/comments?post=13"}],"version-history":[{"count":28,"href":"https:\/\/coqueirosexpress.com.br\/es\/wp-json\/wp\/v2\/pages\/13\/revisions"}],"predecessor-version":[{"id":712,"href":"https:\/\/coqueirosexpress.com.br\/es\/wp-json\/wp\/v2\/pages\/13\/revisions\/712"}],"wp:attachment":[{"href":"https:\/\/coqueirosexpress.com.br\/es\/wp-json\/wp\/v2\/media?parent=13"}],"curies":[{"name":"wp","href":"https:\/\/api.w.org\/{rel}","templated":true}]}}