{"id":15,"date":"2014-08-27T19:36:50","date_gmt":"2014-08-27T19:36:50","guid":{"rendered":"http:\/\/www.ritzplazamar.com.br\/?page_id=15"},"modified":"2024-02-22T15:37:53","modified_gmt":"2024-02-22T15:37:53","slug":"localizacao","status":"publish","type":"page","link":"https:\/\/coqueirosexpress.com.br\/es\/localizacao\/","title":{"rendered":"Ubicaci\u00f3n"},"content":{"rendered":"<p>Situado en Ponta Verde, el Coqueiros Express Hotel est\u00e1 a s\u00f3lo 50 metros de la playa de Macei\u00f3. Tambi\u00e9n cerca de las playas m\u00e1s populares, las piscinas naturales, los mejores bares y restaurantes, ferias de artesan\u00eda, farmacias, centros comerciales y centros de convenciones.<\/p>\n<div class=\"row page-level\" data-scroll-reveal=\"enter bottom\">\n<div class=\"col-md-4 page-level-content\">\n<h2>Principales distancias del hotel<\/h2>\n<ul>\n<li>Aeropuerto Internacional de Macei\u00f3 (26 km)<\/li>\n<li>Playa de Paju\u00e7ara (1 km)<\/li>\n<li>Playa de Jati\u00faca (2km)<\/li>\n<li>Feira de artesan\u00eda (600 m)<\/li>\n<li>Macei\u00f3 Shopping (3,5 km)<\/li>\n<li>Parque Shopping (6.5 km)<\/li>\n<li>Centro Cultural Ruth Cardoso (4 km)<\/li>\n<li>Centro de Macei\u00f3 (6 km)<\/li>\n<li>Teatro Deodoro (6 km)<\/li>\n<\/ul>\n<\/div>\n<div class=\"col-md-8 no-padding\">\n\t\t<!-- MasterSlider -->\n\t\t<div id=\"P_MS69f1d854a3988\" class=\"master-slider-parent msl ms-parent-id-6\" style=\"max-width:1100px;\">\n\n\t\t\t\n\t\t\t<!-- MasterSlider Main -->\n\t\t\t<div id=\"MS69f1d854a3988\" class=\"master-slider ms-skin-default\" >\n\t\t\t\t \t\t\t\t \n\t\t\t\t<div  class=\"ms-slide\" data-delay=\"3\" data-fill-mode=\"fill\"  >\n\t\t\t\t\t<img decoding=\"async\" src=\"https:\/\/coqueirosexpress.com.br\/wp\/wp-content\/plugins\/master-slider\/public\/assets\/css\/blank.gif\" alt=\"\" title=\"\" data-src=\"https:\/\/coqueirosexpress.com.br\/wp\/wp-content\/uploads\/galeria-localizacao-coqueiros-express-maceio.jpg\" \/>\n\n\t\t\t\t\t<div class=\"ms-info ms-info-empty\">&nbsp;<\/div>\n\n\n\t<div class=\"ms-thumb\" ><div class=\"ms-tab-context\"><div class=\"&quot;ms-tab-context&quot;\"><\/div><\/div>\n<\/div>\n\t\t\t\t<\/div>\n\n\t\t\t<\/div>\n\t\t\t<!-- END MasterSlider Main -->\n\n\t\t\t \n\t\t<\/div>\n\t\t<!-- END MasterSlider -->\n\n\t\t<script>\n\t\t(function ( $ ) {\n\t\t\t\"use strict\";\n\n\t\t\t$(function () {\n\t\t\t\tvar masterslider_3988 = new MasterSlider();\n\n\t\t\t\t\/\/ slider controls\n\n\t\t\t\tmasterslider_3988.control('slideinfo'  ,{ autohide:false, overVideo:true, dir:'h', align:'bottom',inset:true , margin:15   });\n\t\t\t\t\/\/ slider setup\n\t\t\t\tmasterslider_3988.setup(\"MS69f1d854a3988\", {\n\t\t\t\t\t\twidth           : 1100,\n\t\t\t\t\t\theight          : 760,\n\t\t\t\t\t\tminHeight       : 300,\n\t\t\t\t\t\tspace           : 0,\n\t\t\t\t\t\tstart           : 1,\n\t\t\t\t\t\tgrabCursor      : false,\n\t\t\t\t\t\tswipe           : true,\n\t\t\t\t\t\tmouse           : false,\n\t\t\t\t\t\tlayout          : \"boxed\",\n\t\t\t\t\t\twheel           : false,\n\t\t\t\t\t\tautoplay        : true,\n\t\t\t\t\t\tinstantStartLayers:false,\n\t\t\t\t\t\tloop            : true,\n\t\t\t\t\t\tshuffle         : false,\n\t\t\t\t\t\tpreload         : 0,\n\t\t\t\t\t\theightLimit     : true,\n\t\t\t\t\t\tautoHeight      : false,\n\t\t\t\t\t\tsmoothHeight    : true,\n\t\t\t\t\t\tendPause        : false,\n\t\t\t\t\t\toverPause       : false,\n\t\t\t\t\t\tfillMode        : \"fill\",\n\t\t\t\t\t\tcenterControls  : true,\n\t\t\t\t\t\tstartOnAppear   : false,\n\t\t\t\t\t\tlayersMode      : \"center\",\n\t\t\t\t\t\thideLayers      : false,\n\t\t\t\t\t\tfullscreenMargin: 0,\n\t\t\t\t\t\tspeed           : 20,\n\t\t\t\t\t\tdir             : \"h\",\n\t\t\t\t\t\tparallaxMode    : 'swipe',\n\t\t\t\t\t\tview            : \"fade\"\n\t\t\t\t});\n\n\t\t\t\t\n\t\t\t\twindow.masterslider_instances = window.masterslider_instances || [];\n\t\t\t\twindow.masterslider_instances.push( masterslider_3988 );\n\t\t\t });\n\n\t\t})(jQuery);\n\t\t<\/script>\n\n<\/div>\n<\/div>","protected":false},"excerpt":{"rendered":"<p>Localizado na Ponta Verde, o Coqueiros Express Hotel est\u00e1 a apenas 50 metros da orla mar\u00edtima de Macei\u00f3. Tamb\u00e9m pr\u00f3ximo das praias mais badaladas, passeio as piscinas naturais, melhores bares e restaurantes da cidade, feiras de artesanato, farm\u00e1cias, shoppings centers e Centro de Conven\u00e7\u00f5es. Principais dist\u00e2ncias do Hotel Aeroporto Internacional de Macei\u00f3 (26 km) Praia [&hellip;]<\/p>","protected":false},"author":2,"featured_media":0,"parent":0,"menu_order":0,"comment_status":"open","ping_status":"open","template":"","meta":{"_acf_changed":false,"footnotes":""},"class_list":["post-15","page","type-page","status-publish","hentry"],"acf":[],"_links":{"self":[{"href":"https:\/\/coqueirosexpress.com.br\/es\/wp-json\/wp\/v2\/pages\/15","targetHints":{"allow":["GET"]}}],"collection":[{"href":"https:\/\/coqueirosexpress.com.br\/es\/wp-json\/wp\/v2\/pages"}],"about":[{"href":"https:\/\/coqueirosexpress.com.br\/es\/wp-json\/wp\/v2\/types\/page"}],"author":[{"embeddable":true,"href":"https:\/\/coqueirosexpress.com.br\/es\/wp-json\/wp\/v2\/users\/2"}],"replies":[{"embeddable":true,"href":"https:\/\/coqueirosexpress.com.br\/es\/wp-json\/wp\/v2\/comments?post=15"}],"version-history":[{"count":31,"href":"https:\/\/coqueirosexpress.com.br\/es\/wp-json\/wp\/v2\/pages\/15\/revisions"}],"predecessor-version":[{"id":696,"href":"https:\/\/coqueirosexpress.com.br\/es\/wp-json\/wp\/v2\/pages\/15\/revisions\/696"}],"wp:attachment":[{"href":"https:\/\/coqueirosexpress.com.br\/es\/wp-json\/wp\/v2\/media?parent=15"}],"curies":[{"name":"wp","href":"https:\/\/api.w.org\/{rel}","templated":true}]}}