{"id":2,"date":"2014-08-27T18:54:17","date_gmt":"2014-08-27T18:54:17","guid":{"rendered":"http:\/\/www.ritzplazamar.com.br\/?page_id=2"},"modified":"2025-11-10T12:11:55","modified_gmt":"2025-11-10T12:11:55","slug":"pagina-exemplo","status":"publish","type":"page","link":"https:\/\/coqueirosexpress.com.br\/es\/","title":{"rendered":"Home"},"content":{"rendered":"<div class=\"content content-level-2 text-center\">\n<h1 class=\"title-level-1\">Situado a s\u00f3lo 50 metros de la playa de Ponta Verde<\/h1>\n<p class=\"translation-block\">El Coqueiros Express Hotel tiene una excelente ubicaci\u00f3n a s\u00f3lo 50 metros de la playa de Ponta Verde, una de las playas m\u00e1s bonitas de Macei\u00f3. Tambi\u00e9n se encuentra cerca del mercado de artesan\u00edas, el paseo de las piscinas naturales, centro de convenciones y los mejores restaurantes y bares de la ciudad. Adem\u00e1s de la ubicaci\u00f3n, el hotel ofrece una piscina en la planta baja, snack bar en la recepci\u00f3n, restaurante climatizado, servicio de internet wi-fi y aparcamiento gratuito para los hu\u00e9spedes.<\/p>\n<div class=\"row facilities-home\">\n<div class=\"row facilities-home-content\">\n<div class=\"col-sm-3\" data-scroll-reveal=\"enter left\">\n<div class=\"row\">\n<div class=\"col-md-2 no-padding\"><img loading=\"lazy\" decoding=\"async\" src=\"https:\/\/coqueirosexpress.com.br\/wp\/wp-content\/uploads\/icone-servicos-wi-fi-free-coqueiros-express-hotel1.png\" alt=\"icone-servicos-wi-fi-free-coqueiros-express-hotel\" width=\"105\" height=\"106\" class=\"img-responsive alignnone wp-image-468 size-full\" \/><\/div>\n<div class=\"col-md-10\">\n<h3 class=\"title-level-3\">Wi Fi GRATIS en todo el hotel<\/h3>\n<\/div>\n<\/div>\n<\/div>\n<div class=\"col-sm-3\" data-scroll-reveal=\"enter bottom\">\n<div class=\"row\">\n<div class=\"col-md-2 no-padding\"><img loading=\"lazy\" decoding=\"async\" src=\"https:\/\/coqueirosexpress.com.br\/wp\/wp-content\/uploads\/icone-servicos-estacionamento-free-coqueiros-express-hotel1.png\" alt=\"icone-servicos-estacionamento-free-coqueiros-express-hotel\" width=\"105\" height=\"106\" class=\"img-responsive alignnone wp-image-467 size-full\" \/><\/div>\n<div class=\"col-md-10\">\n<h3 class=\"title-level-3\">Aparcamiento gratuito para hu\u00e9spedes<\/h3>\n<\/div>\n<\/div>\n<\/div>\n<div class=\"col-sm-3\">\n<div class=\"row\">\n<div class=\"col-md-2 no-padding\"><img loading=\"lazy\" decoding=\"async\" src=\"https:\/\/coqueirosexpress.com.br\/wp\/wp-content\/uploads\/icone-negocios-coqueiros-express-hotel1.png\" alt=\"icone-negocios-coqueiros-express-hotel\" width=\"105\" height=\"106\" class=\"img-responsive alignnone wp-image-466 size-full\" \/><\/div>\n<div class=\"col-md-10\">\n<h3 class=\"title-level-3\">El mejor precio y ubicaci\u00f3n para lo corporativo<\/h3>\n<\/div>\n<\/div>\n<\/div>\n<div class=\"col-sm-3\">\n<div class=\"row\">\n<div class=\"col-md-2 no-padding\"><img loading=\"lazy\" decoding=\"async\" src=\"https:\/\/coqueirosexpress.com.br\/wp\/wp-content\/uploads\/icone-familia-coqueiros-express-hotel1.png\" alt=\"icone-familia-coqueiros-express-hotel\" width=\"105\" height=\"106\" class=\"img-responsive alignnone wp-image-465 size-full\" \/><\/div>\n<div class=\"col-md-10\">\n<h3 class=\"title-level-3\">Ideal para el alojamiento de la familia<\/h3>\n<\/div>\n<\/div>\n<\/div>\n<\/div>\n<\/div>\n<\/div>","protected":false},"excerpt":{"rendered":"<p>Localizado a apenas 50 metros da praia de Ponta Verde O Coqueiros Express Hotel\u00a0possui excelente localiza\u00e7\u00e3o, apenas 50 metros da praia de Ponta Verde, uma das mais bonitas e badaladas de Macei\u00f3. Tamb\u00e9m est\u00e1 perto da feirinha de artesanato, passeio as piscinas naturais, centro de conven\u00e7\u00f5es e melhores restaurantes e bares da cidade. Al\u00e9m da [&hellip;]<\/p>","protected":false},"author":2,"featured_media":0,"parent":0,"menu_order":0,"comment_status":"open","ping_status":"open","template":"homepage.php","meta":{"_acf_changed":false,"footnotes":""},"class_list":["post-2","page","type-page","status-publish","hentry"],"acf":[],"_links":{"self":[{"href":"https:\/\/coqueirosexpress.com.br\/es\/wp-json\/wp\/v2\/pages\/2","targetHints":{"allow":["GET"]}}],"collection":[{"href":"https:\/\/coqueirosexpress.com.br\/es\/wp-json\/wp\/v2\/pages"}],"about":[{"href":"https:\/\/coqueirosexpress.com.br\/es\/wp-json\/wp\/v2\/types\/page"}],"author":[{"embeddable":true,"href":"https:\/\/coqueirosexpress.com.br\/es\/wp-json\/wp\/v2\/users\/2"}],"replies":[{"embeddable":true,"href":"https:\/\/coqueirosexpress.com.br\/es\/wp-json\/wp\/v2\/comments?post=2"}],"version-history":[{"count":121,"href":"https:\/\/coqueirosexpress.com.br\/es\/wp-json\/wp\/v2\/pages\/2\/revisions"}],"predecessor-version":[{"id":726,"href":"https:\/\/coqueirosexpress.com.br\/es\/wp-json\/wp\/v2\/pages\/2\/revisions\/726"}],"wp:attachment":[{"href":"https:\/\/coqueirosexpress.com.br\/es\/wp-json\/wp\/v2\/media?parent=2"}],"curies":[{"name":"wp","href":"https:\/\/api.w.org\/{rel}","templated":true}]}}