{"id":20,"date":"2014-08-27T19:42:53","date_gmt":"2014-08-27T19:42:53","guid":{"rendered":"http:\/\/www.ritzplazamar.com.br\/?page_id=20"},"modified":"2024-02-22T14:23:29","modified_gmt":"2024-02-22T14:23:29","slug":"o-hotel","status":"publish","type":"page","link":"https:\/\/coqueirosexpress.com.br\/es\/o-hotel\/","title":{"rendered":"El Hotel"},"content":{"rendered":"<p class=\"translation-block\">El Coqueiros Express Hotel se encuentra a pocos metros de las populares playas de Macei\u00f3, ideal para pasar las vacaciones con su familia. Su estructura consta de 44 apartamentos, ascensor, instalaciones para discapacitados, sistema agua caliente entre otros servicios.<\/p>\n<div class=\"row page-level\" data-scroll-reveal=\"enter bottom\">\n<div class=\"col-md-4 page-level-content facilities-content\">\n<h2>Estructura y servicios ofrecidos a los hu\u00e9spedes<\/h2>\n<ul>\n<li>44 habitaciones standard<\/li>\n<li>Internet WI-FI gratuita<\/li>\n<li>Piscina (planta baja)<\/li>\n<li>Desayuno regional<\/li>\n<li>Restaurante climatizado<\/li>\n<li>Snack bar (24h)<\/li>\n<li>Men\u00fa y almohadas<\/li>\n<li>Estacionamento sem custo para h\u00f3spedes<\/li>\n<li>Sala de TV en el lobby de la Recepci\u00f3n<\/li>\n<li>Ascensor<\/li>\n<li>Instalaciones para discapacitados<\/li>\n<li>Sistema de agua caliente<\/li>\n<li>Lavanderia<\/li>\n<\/ul>\n<p><a href=\"https:\/\/coqueirosexpress.com.br\/es\/wp\/acomodacoes\/\" class=\"btn btn-level-2\">Sobre las habitaciones<\/a><\/p>\n<\/div>\n<div class=\"col-md-8 no-padding\">\n\t\t<!-- MasterSlider -->\n\t\t<div id=\"P_MS69f1d84f59fca\" class=\"master-slider-parent msl ms-parent-id-3\" style=\"max-width:1100px;\">\n\n\t\t\t\n\t\t\t<!-- MasterSlider Main -->\n\t\t\t<div id=\"MS69f1d84f59fca\" class=\"master-slider ms-skin-default\" >\n\t\t\t\t \t\t\t\t \n\t\t\t\t<div  class=\"ms-slide\" data-delay=\"3\" data-fill-mode=\"fill\"  >\n\t\t\t\t\t<img decoding=\"async\" src=\"https:\/\/coqueirosexpress.com.br\/wp\/wp-content\/plugins\/master-slider\/public\/assets\/css\/blank.gif\" alt=\"\" title=\"\" data-src=\"https:\/\/coqueirosexpress.com.br\/wp\/wp-content\/uploads\/gal-img-coqueiros-express-acomodacoes-fachada.jpg\" \/>\n\n\t\t\t\t\t<div class=\"ms-info ms-info-empty\">&nbsp;<\/div>\n\n\n\t<div class=\"ms-thumb\" ><div class=\"ms-tab-context\"><div class=\"&quot;ms-tab-context&quot;\"><\/div><\/div>\n<\/div>\n\t\t\t\t<\/div>\n\t\t\t\t<div  class=\"ms-slide\" data-delay=\"3\" data-fill-mode=\"fill\"  >\n\t\t\t\t\t<img decoding=\"async\" src=\"https:\/\/coqueirosexpress.com.br\/wp\/wp-content\/plugins\/master-slider\/public\/assets\/css\/blank.gif\" alt=\"\" title=\"\" data-src=\"https:\/\/coqueirosexpress.com.br\/wp\/wp-content\/uploads\/galeria-localizacao-coqueiros-express-maceio-2.jpg\" \/>\n\n\t\t\t\t\t<div class=\"ms-info ms-info-empty\">&nbsp;<\/div>\n\n\n\t<div class=\"ms-thumb\" ><div class=\"ms-tab-context\"><div class=\"&quot;ms-tab-context&quot;\"><\/div><\/div>\n<\/div>\n\t\t\t\t<\/div>\n\t\t\t\t<div  class=\"ms-slide\" data-delay=\"3\" data-fill-mode=\"fill\"  >\n\t\t\t\t\t<img decoding=\"async\" src=\"https:\/\/coqueirosexpress.com.br\/wp\/wp-content\/plugins\/master-slider\/public\/assets\/css\/blank.gif\" alt=\"\" title=\"\" data-src=\"https:\/\/coqueirosexpress.com.br\/wp\/wp-content\/uploads\/gal-img-coqueiros-express-acomodacoes-lobby.jpg\" \/>\n\n\t\t\t\t\t<div class=\"ms-info ms-info-empty\">&nbsp;<\/div>\n\n\n\t<div class=\"ms-thumb\" ><div class=\"ms-tab-context\"><div class=\"&quot;ms-tab-context&quot;\"><\/div><\/div>\n<\/div>\n\t\t\t\t<\/div>\n\t\t\t\t<div  class=\"ms-slide\" data-delay=\"3\" data-fill-mode=\"fill\"  >\n\t\t\t\t\t<img decoding=\"async\" src=\"https:\/\/coqueirosexpress.com.br\/wp\/wp-content\/plugins\/master-slider\/public\/assets\/css\/blank.gif\" alt=\"\" title=\"\" data-src=\"https:\/\/coqueirosexpress.com.br\/wp\/wp-content\/uploads\/gal-img-coqueiros-express-acomodacoes-lanchonete.jpg\" \/>\n\n\t\t\t\t\t<div class=\"ms-info ms-info-empty\">&nbsp;<\/div>\n\n\n\t<div class=\"ms-thumb\" ><div class=\"ms-tab-context\"><div class=\"&quot;ms-tab-context&quot;\"><\/div><\/div>\n<\/div>\n\t\t\t\t<\/div>\n\t\t\t\t<div  class=\"ms-slide\" data-delay=\"3\" data-fill-mode=\"fill\"  >\n\t\t\t\t\t<img decoding=\"async\" src=\"https:\/\/coqueirosexpress.com.br\/wp\/wp-content\/plugins\/master-slider\/public\/assets\/css\/blank.gif\" alt=\"\" title=\"\" data-src=\"https:\/\/coqueirosexpress.com.br\/wp\/wp-content\/uploads\/gal-img-coqueiros-express-acomodacoes-piscina.jpg\" \/>\n\n\t\t\t\t\t<div class=\"ms-info ms-info-empty\">&nbsp;<\/div>\n\n\n\t<div class=\"ms-thumb\" ><div class=\"ms-tab-context\"><div class=\"&quot;ms-tab-context&quot;\"><\/div><\/div>\n<\/div>\n\t\t\t\t<\/div>\n\t\t\t\t<div  class=\"ms-slide\" data-delay=\"3\" data-fill-mode=\"fill\"  >\n\t\t\t\t\t<img decoding=\"async\" src=\"https:\/\/coqueirosexpress.com.br\/wp\/wp-content\/plugins\/master-slider\/public\/assets\/css\/blank.gif\" alt=\"\" title=\"\" data-src=\"https:\/\/coqueirosexpress.com.br\/wp\/wp-content\/uploads\/galeria-area-lazer-coqueiros-express-maceio.jpg\" \/>\n\n\t\t\t\t\t<div class=\"ms-info ms-info-empty\">&nbsp;<\/div>\n\n\n\t<div class=\"ms-thumb\" ><div class=\"ms-tab-context\"><div class=\"&quot;ms-tab-context&quot;\"><\/div><\/div>\n<\/div>\n\t\t\t\t<\/div>\n\t\t\t\t<div  class=\"ms-slide\" data-delay=\"3\" data-fill-mode=\"fill\"  >\n\t\t\t\t\t<img decoding=\"async\" src=\"https:\/\/coqueirosexpress.com.br\/wp\/wp-content\/plugins\/master-slider\/public\/assets\/css\/blank.gif\" alt=\"\" title=\"\" data-src=\"https:\/\/coqueirosexpress.com.br\/wp\/wp-content\/uploads\/galeria-area-lazer-coqueiros-express-maceio-2.jpg\" \/>\n\n\t\t\t\t\t<div class=\"ms-info ms-info-empty\">&nbsp;<\/div>\n\n\n\t<div class=\"ms-thumb\" ><div class=\"ms-tab-context\"><div class=\"&quot;ms-tab-context&quot;\"><\/div><\/div>\n<\/div>\n\t\t\t\t<\/div>\n\t\t\t\t<div  class=\"ms-slide\" data-delay=\"3\" data-fill-mode=\"fill\"  >\n\t\t\t\t\t<img decoding=\"async\" src=\"https:\/\/coqueirosexpress.com.br\/wp\/wp-content\/plugins\/master-slider\/public\/assets\/css\/blank.gif\" alt=\"\" title=\"\" data-src=\"https:\/\/coqueirosexpress.com.br\/wp\/wp-content\/uploads\/galeria-area-lazer-coqueiros-express-maceio-3.jpg\" \/>\n\n\t\t\t\t\t<div class=\"ms-info ms-info-empty\">&nbsp;<\/div>\n\n\n\t<div class=\"ms-thumb\" ><div class=\"ms-tab-context\"><div class=\"&quot;ms-tab-context&quot;\"><\/div><\/div>\n<\/div>\n\t\t\t\t<\/div>\n\t\t\t\t<div  class=\"ms-slide\" data-delay=\"3\" data-fill-mode=\"fill\"  >\n\t\t\t\t\t<img decoding=\"async\" src=\"https:\/\/coqueirosexpress.com.br\/wp\/wp-content\/plugins\/master-slider\/public\/assets\/css\/blank.gif\" alt=\"\" title=\"\" data-src=\"https:\/\/coqueirosexpress.com.br\/wp\/wp-content\/uploads\/galeria-restaurante-coqueiros-express-maceio-2.jpg\" \/>\n\n\t\t\t\t\t<div class=\"ms-info ms-info-empty\">&nbsp;<\/div>\n\n\n\t<div class=\"ms-thumb\" ><div class=\"ms-tab-context\"><div class=\"&quot;ms-tab-context&quot;\"><\/div><\/div>\n<\/div>\n\t\t\t\t<\/div>\n\t\t\t\t<div  class=\"ms-slide\" data-delay=\"3\" data-fill-mode=\"fill\"  >\n\t\t\t\t\t<img decoding=\"async\" src=\"https:\/\/coqueirosexpress.com.br\/wp\/wp-content\/plugins\/master-slider\/public\/assets\/css\/blank.gif\" alt=\"\" title=\"\" data-src=\"https:\/\/coqueirosexpress.com.br\/wp\/wp-content\/uploads\/gal-img-coqueiros-express-acomodacoes-cafe-da-manha-2.jpg\" \/>\n\n\t\t\t\t\t<div class=\"ms-info ms-info-empty\">&nbsp;<\/div>\n\n\n\t<div class=\"ms-thumb\" ><div class=\"ms-tab-context\"><div class=\"&quot;ms-tab-context&quot;\"><\/div><\/div>\n<\/div>\n\t\t\t\t<\/div>\n\t\t\t\t<div  class=\"ms-slide\" data-delay=\"3\" data-fill-mode=\"fill\"  >\n\t\t\t\t\t<img decoding=\"async\" src=\"https:\/\/coqueirosexpress.com.br\/wp\/wp-content\/plugins\/master-slider\/public\/assets\/css\/blank.gif\" alt=\"\" title=\"\" data-src=\"https:\/\/coqueirosexpress.com.br\/wp\/wp-content\/uploads\/gal-img-coqueiros-express-acomodacoes-cafe-da-manha.jpg\" \/>\n\n\t\t\t\t\t<div class=\"ms-info ms-info-empty\">&nbsp;<\/div>\n\n\n\t<div class=\"ms-thumb\" ><div class=\"ms-tab-context\"><div class=\"&quot;ms-tab-context&quot;\"><\/div><\/div>\n<\/div>\n\t\t\t\t<\/div>\n\t\t\t\t<div  class=\"ms-slide\" data-delay=\"3\" data-fill-mode=\"fill\"  >\n\t\t\t\t\t<img decoding=\"async\" src=\"https:\/\/coqueirosexpress.com.br\/wp\/wp-content\/plugins\/master-slider\/public\/assets\/css\/blank.gif\" alt=\"\" title=\"\" data-src=\"https:\/\/coqueirosexpress.com.br\/wp\/wp-content\/uploads\/galeria-cozinha-industrial-coqueiros-express-maceio.jpg\" \/>\n\n\t\t\t\t\t<div class=\"ms-info ms-info-empty\">&nbsp;<\/div>\n\n\n\t<div class=\"ms-thumb\" ><div class=\"ms-tab-context\"><div class=\"&quot;ms-tab-context&quot;\"><\/div><\/div>\n<\/div>\n\t\t\t\t<\/div>\n\t\t\t\t<div  class=\"ms-slide\" data-delay=\"3\" data-fill-mode=\"fill\"  >\n\t\t\t\t\t<img decoding=\"async\" src=\"https:\/\/coqueirosexpress.com.br\/wp\/wp-content\/plugins\/master-slider\/public\/assets\/css\/blank.gif\" alt=\"\" title=\"\" data-src=\"https:\/\/coqueirosexpress.com.br\/wp\/wp-content\/uploads\/galeria-cozinha-industrial-coqueiros-express-maceio-2.jpg\" \/>\n\n\t\t\t\t\t<div class=\"ms-info ms-info-empty\">&nbsp;<\/div>\n\n\n\t<div class=\"ms-thumb\" ><div class=\"ms-tab-context\"><div class=\"&quot;ms-tab-context&quot;\"><\/div><\/div>\n<\/div>\n\t\t\t\t<\/div>\n\n\t\t\t<\/div>\n\t\t\t<!-- END MasterSlider Main -->\n\n\t\t\t \n\t\t<\/div>\n\t\t<!-- END MasterSlider -->\n\n\t\t<script>\n\t\t(function ( $ ) {\n\t\t\t\"use strict\";\n\n\t\t\t$(function () {\n\t\t\t\tvar masterslider_9fca = new MasterSlider();\n\n\t\t\t\t\/\/ slider controls\n\t\t\t\tmasterslider_9fca.control('arrows'     ,{ autohide:true, overVideo:true  });\n\t\t\t\tmasterslider_9fca.control('slideinfo'  ,{ autohide:false, overVideo:true, dir:'h', align:'bottom',inset:true , margin:15   });\n\t\t\t\t\/\/ slider setup\n\t\t\t\tmasterslider_9fca.setup(\"MS69f1d84f59fca\", {\n\t\t\t\t\t\twidth           : 1100,\n\t\t\t\t\t\theight          : 760,\n\t\t\t\t\t\tminHeight       : 300,\n\t\t\t\t\t\tspace           : 0,\n\t\t\t\t\t\tstart           : 1,\n\t\t\t\t\t\tgrabCursor      : false,\n\t\t\t\t\t\tswipe           : true,\n\t\t\t\t\t\tmouse           : false,\n\t\t\t\t\t\tlayout          : \"boxed\",\n\t\t\t\t\t\twheel           : false,\n\t\t\t\t\t\tautoplay        : true,\n\t\t\t\t\t\tinstantStartLayers:false,\n\t\t\t\t\t\tloop            : true,\n\t\t\t\t\t\tshuffle         : false,\n\t\t\t\t\t\tpreload         : 0,\n\t\t\t\t\t\theightLimit     : true,\n\t\t\t\t\t\tautoHeight      : false,\n\t\t\t\t\t\tsmoothHeight    : true,\n\t\t\t\t\t\tendPause        : false,\n\t\t\t\t\t\toverPause       : false,\n\t\t\t\t\t\tfillMode        : \"fill\",\n\t\t\t\t\t\tcenterControls  : true,\n\t\t\t\t\t\tstartOnAppear   : false,\n\t\t\t\t\t\tlayersMode      : \"center\",\n\t\t\t\t\t\thideLayers      : false,\n\t\t\t\t\t\tfullscreenMargin: 0,\n\t\t\t\t\t\tspeed           : 20,\n\t\t\t\t\t\tdir             : \"h\",\n\t\t\t\t\t\tparallaxMode    : 'swipe',\n\t\t\t\t\t\tview            : \"fade\"\n\t\t\t\t});\n\n\t\t\t\t\n\t\t\t\twindow.masterslider_instances = window.masterslider_instances || [];\n\t\t\t\twindow.masterslider_instances.push( masterslider_9fca );\n\t\t\t });\n\n\t\t})(jQuery);\n\t\t<\/script>\n\n<\/div>\n<\/div>\n<div class=\"content\">\n<div class=\"row\">\n<div class=\"col-sm-4 text-center\">\n<h3>Misi\u00f3n<\/h3>\n<p>Proporcionar servicios de un hotel con la excelencia y el sentido pr\u00e1ctico con el fin de satisfacer a los clientes internos y externos, la promoci\u00f3n de la responsabilidad social y ambiental y los resultados de la organizaci\u00f3n.<\/p>\n<\/div>\n<div class=\"col-sm-4 text-center\">\n<h3>Visi\u00f3n de la empresa<\/h3>\n<p>Se reconoce en el mercado como una referencia en Alagoas hosting con excelencia en el servicio.<\/p>\n<\/div>\n<div class=\"col-sm-4 text-center\">\n<h3>Valores<\/h3>\n<p>La innovaci\u00f3n, la responsabilidad social y ambiental, la competencia, la transparencia, el compromiso, el respeto al cliente y la \u00e9tica interna y externa.<\/p>\n<\/div>\n<\/div>\n<\/div>","protected":false},"excerpt":{"rendered":"<p>O Coqueiros Express Hotel\u00a0est\u00e1 a poucos metros das praias mais badaladas de Macei\u00f3, ideal para passar as f\u00e9rias com a fam\u00edlia. Sua estrutura \u00e9 formada por 44 apartamentos, \u00a0elevador, facilidades para deficientes f\u00edsicos, sistema de \u00e1gua quente entre outros servi\u00e7os. Estrutura e servi\u00e7os oferecidos a h\u00f3spedes 44 apartamentos standard Internet WI-FI gratuita Piscina (t\u00e9rreo) Caf\u00e9 [&hellip;]<\/p>","protected":false},"author":2,"featured_media":0,"parent":0,"menu_order":0,"comment_status":"open","ping_status":"open","template":"","meta":{"_acf_changed":false,"footnotes":""},"class_list":["post-20","page","type-page","status-publish","hentry"],"acf":[],"_links":{"self":[{"href":"https:\/\/coqueirosexpress.com.br\/es\/wp-json\/wp\/v2\/pages\/20","targetHints":{"allow":["GET"]}}],"collection":[{"href":"https:\/\/coqueirosexpress.com.br\/es\/wp-json\/wp\/v2\/pages"}],"about":[{"href":"https:\/\/coqueirosexpress.com.br\/es\/wp-json\/wp\/v2\/types\/page"}],"author":[{"embeddable":true,"href":"https:\/\/coqueirosexpress.com.br\/es\/wp-json\/wp\/v2\/users\/2"}],"replies":[{"embeddable":true,"href":"https:\/\/coqueirosexpress.com.br\/es\/wp-json\/wp\/v2\/comments?post=20"}],"version-history":[{"count":50,"href":"https:\/\/coqueirosexpress.com.br\/es\/wp-json\/wp\/v2\/pages\/20\/revisions"}],"predecessor-version":[{"id":691,"href":"https:\/\/coqueirosexpress.com.br\/es\/wp-json\/wp\/v2\/pages\/20\/revisions\/691"}],"wp:attachment":[{"href":"https:\/\/coqueirosexpress.com.br\/es\/wp-json\/wp\/v2\/media?parent=20"}],"curies":[{"name":"wp","href":"https:\/\/api.w.org\/{rel}","templated":true}]}}