{"id":26,"date":"2014-08-27T19:45:18","date_gmt":"2014-08-27T19:45:18","guid":{"rendered":"http:\/\/www.ritzplazamar.com.br\/?page_id=26"},"modified":"2024-02-22T14:24:55","modified_gmt":"2024-02-22T14:24:55","slug":"conheca-o-destino-maceio","status":"publish","type":"page","link":"https:\/\/coqueirosexpress.com.br\/es\/conheca-o-destino-maceio\/","title":{"rendered":"Macei\u00f3"},"content":{"rendered":"<p>Macei\u00f3, una ciudad con 40 km de costa y 22 km laguna y canales, despierta la pasi\u00f3n por las bellezas naturales, culturales y hist\u00f3ricos. Hermosas playas de mar con tonos que van del azul al verde, con piscinas naturales 02 km de la costa. Playas enmarcadas por \u00e1rboles de coco, una mejora de los paisajes naturales ornamentales.<\/p>\n<div class=\"row page-level\" data-scroll-reveal=\"enter bottom\">\n<div class=\"col-md-4 page-level-content\">\n<div class=\"page-level-scroll\">\n<h2>El Cocotero<\/h2>\n<p>El cocotero es la expresi\u00f3n cultural y la historia de Alagoas. Contribuye al desarrollo econ\u00f3mico, es parte de la cocina t\u00edpica, que tiene representaci\u00f3n en la artesan\u00eda y la tradici\u00f3n popular.<\/p>\n<h2>D\u00f3nde ir<\/h2>\n<h3>Piscinas naturales de la playa de Paju\u00e7ara<\/h3>\n<p>En la marea baja, piscinas naturales est\u00e1n formadas por los arrecifes de coral 02 km de la costa. En las aguas c\u00e1lidas, tranquilas y muy claras, se concentraron varias especies de peces de colores que circula entre los visitantes.<\/p>\n<h3>Caminando entre las islas de la laguna<\/h3>\n<p>En el distrito de Pontal da Barra son los barcos que salen a pasear por la laguna Munda\u00fa, y entre los canales formados por varias islas siguen hacia el encuentro con el mar.<\/p>\n<h3>Pontal da Barra<\/h3>\n<p>Buc\u00f3lico barrio que ofrece muchas atracciones para los visitantes. Que alberga una comunidad de pescadores y artesanos que tienen el privilegio de vivir entre la laguna y el mar.<\/p>\n<h3>Mirante S\u00e3o Gon\u00e7alo<\/h3>\n<p>Vista panor\u00e1mica de la l\u00ednea de costa.<\/p>\n<h3>Barrio de Jaragu\u00e1<\/h3>\n<p>Jaragua significa \u201ccala de las canoas\u201d. En el lugar era un puerto natural, de ah\u00ed el origen del nombre. Ca\u00eddo por el patrimonio hist\u00f3rico y arquitect\u00f3nico de Alagoas.<\/p>\n<h3><\/h3>\n<p><a class=\"btn btn-level-2\" href=\"http:\/\/www.sedetur.al.gov.br\/conhecendo-alagoas\" target=\"_blank\" rel=\"noopener\"><i class=\"fa fa-link\"><\/i>\u00a0 Sepa m\u00e1s sobre el destino<\/a><\/p>\n<\/div>\n<\/div>\n<div class=\"col-md-8 no-padding\">\n\t\t<!-- MasterSlider -->\n\t\t<div id=\"P_MS69f1d854d7f34\" class=\"master-slider-parent msl ms-parent-id-5\" style=\"max-width:1100px;\">\n\n\t\t\t\n\t\t\t<!-- MasterSlider Main -->\n\t\t\t<div id=\"MS69f1d854d7f34\" class=\"master-slider ms-skin-default\" >\n\t\t\t\t \t\t\t\t \n\t\t\t\t<div  class=\"ms-slide\" data-delay=\"3\" data-fill-mode=\"fill\"  >\n\t\t\t\t\t<img decoding=\"async\" src=\"https:\/\/coqueirosexpress.com.br\/wp\/wp-content\/plugins\/master-slider\/public\/assets\/css\/blank.gif\" alt=\"\" title=\"\" data-src=\"https:\/\/coqueirosexpress.com.br\/wp\/wp-content\/uploads\/galeria-destino-alagoas-coqueiros-express-maceio.jpg\" \/>\n\n\t\t\t\t\t<div class=\"ms-info\">Praia de Ponta Verde. Foto: Luis Eduardo Vaz<\/div>\n\n\n\t<div class=\"ms-thumb\" ><div class=\"ms-tab-context\"><div class=\"&quot;ms-tab-context&quot;\"><\/div><\/div>\n<\/div>\n\t\t\t\t<\/div>\n\t\t\t\t<div  class=\"ms-slide\" data-delay=\"3\" data-fill-mode=\"fill\"  >\n\t\t\t\t\t<img decoding=\"async\" src=\"https:\/\/coqueirosexpress.com.br\/wp\/wp-content\/plugins\/master-slider\/public\/assets\/css\/blank.gif\" alt=\"\" title=\"\" data-src=\"https:\/\/coqueirosexpress.com.br\/wp\/wp-content\/uploads\/galeria-ritz-praia-hotel-praia-de-ponta-verde-2.jpg\" \/>\n\n\t\t\t\t\t<div class=\"ms-info\">Praia de Ponta Verde.\u00a0<span>Foto: Luis Eduardo Vaz<\/span><\/div>\n\n\n\t<div class=\"ms-thumb\" ><div class=\"ms-tab-context\"><div class=\"&quot;ms-tab-context&quot;\"><\/div><\/div>\n<\/div>\n\t\t\t\t<\/div>\n\t\t\t\t<div  class=\"ms-slide\" data-delay=\"3\" data-fill-mode=\"fill\"  >\n\t\t\t\t\t<img decoding=\"async\" src=\"https:\/\/coqueirosexpress.com.br\/wp\/wp-content\/plugins\/master-slider\/public\/assets\/css\/blank.gif\" alt=\"\" title=\"\" data-src=\"https:\/\/coqueirosexpress.com.br\/wp\/wp-content\/uploads\/galeria-ritz-praia-hotel-lazer-ciclovia.jpg\" \/>\n\n\t\t\t\t\t<div class=\"ms-info\">Orla de Macei\u00f3.\u00a0<span>Foto: Luis Eduardo Vaz<\/span><\/div>\n\n\n\t<div class=\"ms-thumb\" ><div class=\"ms-tab-context\"><div class=\"&quot;ms-tab-context&quot;\"><\/div><\/div>\n<\/div>\n\t\t\t\t<\/div>\n\t\t\t\t<div  class=\"ms-slide\" data-delay=\"3\" data-fill-mode=\"fill\"  >\n\t\t\t\t\t<img decoding=\"async\" src=\"https:\/\/coqueirosexpress.com.br\/wp\/wp-content\/plugins\/master-slider\/public\/assets\/css\/blank.gif\" alt=\"\" title=\"\" data-src=\"https:\/\/coqueirosexpress.com.br\/wp\/wp-content\/uploads\/galeria-ritz-praia-hotel-maragogi-litoral-norte.jpg\" \/>\n\n\t\t\t\t\t<div class=\"ms-info\">Maragogi<span> - Litoral\u00a0Norte. Foto:\u00a0Jannyne Barbosa<\/span><\/div>\n\n\n\t<div class=\"ms-thumb\" ><div class=\"ms-tab-context\"><div class=\"&quot;ms-tab-context&quot;\"><\/div><\/div>\n<\/div>\n\t\t\t\t<\/div>\n\t\t\t\t<div  class=\"ms-slide\" data-delay=\"3\" data-fill-mode=\"fill\"  >\n\t\t\t\t\t<img decoding=\"async\" src=\"https:\/\/coqueirosexpress.com.br\/wp\/wp-content\/plugins\/master-slider\/public\/assets\/css\/blank.gif\" alt=\"\" title=\"\" data-src=\"https:\/\/coqueirosexpress.com.br\/wp\/wp-content\/uploads\/galeria-ritz-praia-hotel-praia-do-gunga.jpg\" \/>\n\n\t\t\t\t\t<div class=\"ms-info\">Mirante do Gunga<span> - Litoral\u00a0Sul<\/span><\/div>\n\n\n\t<div class=\"ms-thumb\" ><div class=\"ms-tab-context\"><div class=\"&quot;ms-tab-context&quot;\"><\/div><\/div>\n<\/div>\n\t\t\t\t<\/div>\n\t\t\t\t<div  class=\"ms-slide\" data-delay=\"3\" data-fill-mode=\"fill\"  >\n\t\t\t\t\t<img decoding=\"async\" src=\"https:\/\/coqueirosexpress.com.br\/wp\/wp-content\/plugins\/master-slider\/public\/assets\/css\/blank.gif\" alt=\"\" title=\"\" data-src=\"https:\/\/coqueirosexpress.com.br\/wp\/wp-content\/uploads\/galeria-ritz-praia-hotel-pescadores-lagoa.jpg\" \/>\n\n\t\t\t\t\t<div class=\"ms-info\">Lagoa Munda\u00fa<\/div>\n\n\n\t<div class=\"ms-thumb\" ><div class=\"ms-tab-context\"><div class=\"&quot;ms-tab-context&quot;\"><\/div><\/div>\n<\/div>\n\t\t\t\t<\/div>\n\t\t\t\t<div  class=\"ms-slide\" data-delay=\"3\" data-fill-mode=\"fill\"  >\n\t\t\t\t\t<img decoding=\"async\" src=\"https:\/\/coqueirosexpress.com.br\/wp\/wp-content\/plugins\/master-slider\/public\/assets\/css\/blank.gif\" alt=\"\" title=\"\" data-src=\"https:\/\/coqueirosexpress.com.br\/wp\/wp-content\/uploads\/galeria-ritz-praia-hotel-predios-historicos-associacao-comercial.jpg\" \/>\n\n\t\t\t\t\t<div class=\"ms-info\">Monumentos hist\u00f3ricos<\/div>\n\n\n\t<div class=\"ms-thumb\" ><div class=\"ms-tab-context\"><div class=\"&quot;ms-tab-context&quot;\"><\/div><\/div>\n<\/div>\n\t\t\t\t<\/div>\n\t\t\t\t<div  class=\"ms-slide\" data-delay=\"3\" data-fill-mode=\"fill\"  >\n\t\t\t\t\t<img decoding=\"async\" src=\"https:\/\/coqueirosexpress.com.br\/wp\/wp-content\/plugins\/master-slider\/public\/assets\/css\/blank.gif\" alt=\"\" title=\"\" data-src=\"https:\/\/coqueirosexpress.com.br\/wp\/wp-content\/uploads\/galeria-ritz-praia-hotel-gastronomia-comidas-tipicas.jpg\" \/>\n\n\t\t\t\t\t<div class=\"ms-info\">Comidas t\u00edpicas. Foto: SETUR<\/div>\n\n\n\t<div class=\"ms-thumb\" ><div class=\"ms-tab-context\"><div class=\"&quot;ms-tab-context&quot;\"><\/div><\/div>\n<\/div>\n\t\t\t\t<\/div>\n\t\t\t\t<div  class=\"ms-slide\" data-delay=\"3\" data-fill-mode=\"fill\"  >\n\t\t\t\t\t<img decoding=\"async\" src=\"https:\/\/coqueirosexpress.com.br\/wp\/wp-content\/plugins\/master-slider\/public\/assets\/css\/blank.gif\" alt=\"\" title=\"\" data-src=\"https:\/\/coqueirosexpress.com.br\/wp\/wp-content\/uploads\/galeria-ritz-praia-hotel-artesanato-file.jpg\" \/>\n\n\t\t\t\t\t<div class=\"ms-info\">Artesanato. Foto:\u00a0Felipe Medeiros<\/div>\n\n\n\t<div class=\"ms-thumb\" ><div class=\"ms-tab-context\"><div class=\"&quot;ms-tab-context&quot;\"><\/div><\/div>\n<\/div>\n\t\t\t\t<\/div>\n\t\t\t\t<div  class=\"ms-slide\" data-delay=\"3\" data-fill-mode=\"fill\"  >\n\t\t\t\t\t<img decoding=\"async\" src=\"https:\/\/coqueirosexpress.com.br\/wp\/wp-content\/plugins\/master-slider\/public\/assets\/css\/blank.gif\" alt=\"\" title=\"\" data-src=\"https:\/\/coqueirosexpress.com.br\/wp\/wp-content\/uploads\/galeria-ritz-praia-hotel-folclore-guerreiro-das-alagoas.jpg\" \/>\n\n\t\t\t\t\t<div class=\"ms-info\">Folclore<\/div>\n\n\n\t<div class=\"ms-thumb\" ><div class=\"ms-tab-context\"><div class=\"&quot;ms-tab-context&quot;\"><\/div><\/div>\n<\/div>\n\t\t\t\t<\/div>\n\n\t\t\t<\/div>\n\t\t\t<!-- END MasterSlider Main -->\n\n\t\t\t \n\t\t<\/div>\n\t\t<!-- END MasterSlider -->\n\n\t\t<script>\n\t\t(function ( $ ) {\n\t\t\t\"use strict\";\n\n\t\t\t$(function () {\n\t\t\t\tvar masterslider_7f34 = new MasterSlider();\n\n\t\t\t\t\/\/ slider controls\n\t\t\t\tmasterslider_7f34.control('arrows'     ,{ autohide:true, overVideo:true  });\n\t\t\t\tmasterslider_7f34.control('slideinfo'  ,{ autohide:false, overVideo:true, dir:'h', align:'bottom',inset:true , margin:15   });\n\t\t\t\t\/\/ slider setup\n\t\t\t\tmasterslider_7f34.setup(\"MS69f1d854d7f34\", {\n\t\t\t\t\t\twidth           : 1100,\n\t\t\t\t\t\theight          : 760,\n\t\t\t\t\t\tminHeight       : 300,\n\t\t\t\t\t\tspace           : 0,\n\t\t\t\t\t\tstart           : 1,\n\t\t\t\t\t\tgrabCursor      : false,\n\t\t\t\t\t\tswipe           : true,\n\t\t\t\t\t\tmouse           : false,\n\t\t\t\t\t\tlayout          : \"boxed\",\n\t\t\t\t\t\twheel           : false,\n\t\t\t\t\t\tautoplay        : true,\n\t\t\t\t\t\tinstantStartLayers:false,\n\t\t\t\t\t\tloop            : true,\n\t\t\t\t\t\tshuffle         : false,\n\t\t\t\t\t\tpreload         : 0,\n\t\t\t\t\t\theightLimit     : true,\n\t\t\t\t\t\tautoHeight      : false,\n\t\t\t\t\t\tsmoothHeight    : true,\n\t\t\t\t\t\tendPause        : false,\n\t\t\t\t\t\toverPause       : false,\n\t\t\t\t\t\tfillMode        : \"fill\",\n\t\t\t\t\t\tcenterControls  : true,\n\t\t\t\t\t\tstartOnAppear   : false,\n\t\t\t\t\t\tlayersMode      : \"center\",\n\t\t\t\t\t\thideLayers      : false,\n\t\t\t\t\t\tfullscreenMargin: 0,\n\t\t\t\t\t\tspeed           : 20,\n\t\t\t\t\t\tdir             : \"h\",\n\t\t\t\t\t\tparallaxMode    : 'swipe',\n\t\t\t\t\t\tview            : \"basic\"\n\t\t\t\t});\n\n\t\t\t\t\n\t\t\t\twindow.masterslider_instances = window.masterslider_instances || [];\n\t\t\t\twindow.masterslider_instances.push( masterslider_7f34 );\n\t\t\t });\n\n\t\t})(jQuery);\n\t\t<\/script>\n\n<\/div>\n<\/div>","protected":false},"excerpt":{"rendered":"<p>Macei\u00f3, cidade com 40 Km de litoral e 22 Km de lagoa e canais, desperta paix\u00e3o pelas belezas naturais, culturais e hist\u00f3ricas. Bel\u00edssimas praias de mar com tonalidades que oscila do azul ao verde, com piscinas naturais a 02 km da costa. Praias emolduradas por coqueirais, um realce \u00e0 ornamenta\u00e7\u00e3o natural das paisagens. O Coqueiro [&hellip;]<\/p>","protected":false},"author":2,"featured_media":0,"parent":0,"menu_order":0,"comment_status":"open","ping_status":"open","template":"","meta":{"_acf_changed":false,"footnotes":""},"class_list":["post-26","page","type-page","status-publish","hentry"],"acf":[],"_links":{"self":[{"href":"https:\/\/coqueirosexpress.com.br\/es\/wp-json\/wp\/v2\/pages\/26","targetHints":{"allow":["GET"]}}],"collection":[{"href":"https:\/\/coqueirosexpress.com.br\/es\/wp-json\/wp\/v2\/pages"}],"about":[{"href":"https:\/\/coqueirosexpress.com.br\/es\/wp-json\/wp\/v2\/types\/page"}],"author":[{"embeddable":true,"href":"https:\/\/coqueirosexpress.com.br\/es\/wp-json\/wp\/v2\/users\/2"}],"replies":[{"embeddable":true,"href":"https:\/\/coqueirosexpress.com.br\/es\/wp-json\/wp\/v2\/comments?post=26"}],"version-history":[{"count":35,"href":"https:\/\/coqueirosexpress.com.br\/es\/wp-json\/wp\/v2\/pages\/26\/revisions"}],"predecessor-version":[{"id":692,"href":"https:\/\/coqueirosexpress.com.br\/es\/wp-json\/wp\/v2\/pages\/26\/revisions\/692"}],"wp:attachment":[{"href":"https:\/\/coqueirosexpress.com.br\/es\/wp-json\/wp\/v2\/media?parent=26"}],"curies":[{"name":"wp","href":"https:\/\/api.w.org\/{rel}","templated":true}]}}