{"id":547,"date":"2016-05-05T13:47:35","date_gmt":"2016-05-05T13:47:35","guid":{"rendered":"https:\/\/coqueirosexpress.com.br\/wp\/?page_id=547"},"modified":"2024-02-23T16:46:58","modified_gmt":"2024-02-23T16:46:58","slug":"datas-especiais","status":"publish","type":"page","link":"https:\/\/coqueirosexpress.com.br\/es\/datas-especiais\/","title":{"rendered":"Fechas Especiales"},"content":{"rendered":"<p>Decoraci\u00f3n \u00fanica y especial para luna de miel, aniversarios y bodas.<\/p>\n<div class=\"row page-level\" data-scroll-reveal=\"enter bottom\">\n<div class=\"col-md-5 page-level-content facilities-content\">\n<h2>Luna de Miel<\/h2>\n<p>\u00bfQu\u00e9 hay de pasar su luna de miel en una de las playas m\u00e1s bellas de Brasil? Ven a la Coqueiros Express Hotel y obtener una hermosa decoraci\u00f3n con vino espumoso y\/ o chocolate y una tostada.<\/p>\n<p><a class=\"btn btn-level-2 btn-margin\">Quero reservar<\/a><\/p>\n<\/div>\n<div class=\"col-md-7 no-padding\"><img loading=\"lazy\" decoding=\"async\" src=\"https:\/\/coqueirosexpress.com.br\/wp\/wp-content\/uploads\/datas-especiais-experiencia-coqueiros-express.jpg\" alt=\"datas-especiais-experiencia-coqueiros-express\" width=\"870\" height=\"350\" class=\"img-responsive alignnone wp-image-558 size-full\" srcset=\"https:\/\/coqueirosexpress.com.br\/wp\/wp-content\/uploads\/datas-especiais-experiencia-coqueiros-express.jpg 870w, https:\/\/coqueirosexpress.com.br\/wp\/wp-content\/uploads\/datas-especiais-experiencia-coqueiros-express-300x121.jpg 300w\" sizes=\"auto, (max-width: 870px) 100vw, 870px\" \/><\/div>\n<\/div>\n<div class=\"row page-level\" data-scroll-reveal=\"enter bottom\">\n<div class=\"col-md-5 page-level-content facilities-content\">\n<h2>Bodas<\/h2>\n<p>Celebre las bodas en Coqueiros Express Hotel, as\u00ed como un gran apartamento decorado, podr\u00e1 disfrutar de una maravillosa sorpresa.<\/p>\n<p><a class=\"btn btn-level-2 btn-margin\">Quero reservar<\/a><\/p>\n<\/div>\n<div class=\"col-md-7 no-padding\"><img loading=\"lazy\" decoding=\"async\" src=\"https:\/\/coqueirosexpress.com.br\/wp\/wp-content\/uploads\/datas-especiais-bodas-coqueiros-express.jpg\" alt=\"datas-especiais-bodas-coqueiros-express\" width=\"870\" height=\"350\" class=\"img-responsive alignnone wp-image-557 size-full\" srcset=\"https:\/\/coqueirosexpress.com.br\/wp\/wp-content\/uploads\/datas-especiais-bodas-coqueiros-express.jpg 870w, https:\/\/coqueirosexpress.com.br\/wp\/wp-content\/uploads\/datas-especiais-bodas-coqueiros-express-300x121.jpg 300w\" sizes=\"auto, (max-width: 870px) 100vw, 870px\" \/><\/div>\n<\/div>\n<div class=\"row page-level\" data-scroll-reveal=\"enter bottom\">\n<div class=\"col-md-5 page-level-content facilities-content\">\n<h2>Cumplea\u00f1os<\/h2>\n<p>Ven a celebrar su cumplea\u00f1os en Coqueiros Express Hotel y obtener una decoracion especial y un hermoso pastel. Realizamos cumplea\u00f1os de los ni\u00f1os.<\/p>\n<p><a class=\"btn btn-level-2 btn-margin\">Quero reservar<\/a><\/p>\n<\/div>\n<div class=\"col-md-7 no-padding\"><img loading=\"lazy\" decoding=\"async\" src=\"https:\/\/coqueirosexpress.com.br\/wp\/wp-content\/uploads\/datas-especiais-aniversario-coqueiros-express.jpg\" alt=\"datas-especiais-aniversario-coqueiros-express\" width=\"870\" height=\"350\" class=\"img-responsive alignnone wp-image-556 size-full\" srcset=\"https:\/\/coqueirosexpress.com.br\/wp\/wp-content\/uploads\/datas-especiais-aniversario-coqueiros-express.jpg 870w, https:\/\/coqueirosexpress.com.br\/wp\/wp-content\/uploads\/datas-especiais-aniversario-coqueiros-express-300x121.jpg 300w\" sizes=\"auto, (max-width: 870px) 100vw, 870px\" \/><\/div>\n<\/div>","protected":false},"excerpt":{"rendered":"<p>Mimos exclusivos e decora\u00e7\u00e3o especial para Lua de Mel e datas comemorativas como anivers\u00e1rio e bodas. Lua de Mel Que tal passar sua Lua de Mel numa das mais belas praias do Brasil? Venha para o Coqueiros Express Hotel e ganhe uma linda decora\u00e7\u00e3o com espumante e\/ ou chocolate e um brinde especial. Quero reservar [&hellip;]<\/p>","protected":false},"author":2,"featured_media":0,"parent":0,"menu_order":0,"comment_status":"closed","ping_status":"closed","template":"","meta":{"_acf_changed":false,"footnotes":""},"class_list":["post-547","page","type-page","status-publish","hentry"],"acf":[],"_links":{"self":[{"href":"https:\/\/coqueirosexpress.com.br\/es\/wp-json\/wp\/v2\/pages\/547","targetHints":{"allow":["GET"]}}],"collection":[{"href":"https:\/\/coqueirosexpress.com.br\/es\/wp-json\/wp\/v2\/pages"}],"about":[{"href":"https:\/\/coqueirosexpress.com.br\/es\/wp-json\/wp\/v2\/types\/page"}],"author":[{"embeddable":true,"href":"https:\/\/coqueirosexpress.com.br\/es\/wp-json\/wp\/v2\/users\/2"}],"replies":[{"embeddable":true,"href":"https:\/\/coqueirosexpress.com.br\/es\/wp-json\/wp\/v2\/comments?post=547"}],"version-history":[{"count":11,"href":"https:\/\/coqueirosexpress.com.br\/es\/wp-json\/wp\/v2\/pages\/547\/revisions"}],"predecessor-version":[{"id":695,"href":"https:\/\/coqueirosexpress.com.br\/es\/wp-json\/wp\/v2\/pages\/547\/revisions\/695"}],"wp:attachment":[{"href":"https:\/\/coqueirosexpress.com.br\/es\/wp-json\/wp\/v2\/media?parent=547"}],"curies":[{"name":"wp","href":"https:\/\/api.w.org\/{rel}","templated":true}]}}