{"id":562,"date":"2016-05-05T14:38:06","date_gmt":"2016-05-05T14:38:06","guid":{"rendered":"https:\/\/coqueirosexpress.com.br\/wp\/?page_id=562"},"modified":"2016-05-06T18:09:51","modified_gmt":"2016-05-06T18:09:51","slug":"check-in-express","status":"publish","type":"page","link":"https:\/\/coqueirosexpress.com.br\/es\/check-in-express\/","title":{"rendered":"Check In Express"},"content":{"rendered":"<p>[:pb]Preencha corretamente os dados abaixo para confirmar seu Check In Express. Este registro n\u00e3o \u00e9 uma garatia de reserva no Coqueiros Express Hotel. S\u00f3 deve ser preenchido ap\u00f3s a reserva ser confirmada. Faz-se necess\u00e1rio o preenchimento individual para cada reserva.<\/p>\n<h3>Algumas recomenda\u00e7\u00f5es antes de preencher sua ficha:<\/h3>\n<ul>\n<li>Esta ficha deve ser preenchida ap\u00f3s uma reserva j\u00e1 efetuada;<\/li>\n<li>Todos os campos devem ser preenchidos corretamente;<\/li>\n<li>Este documento n\u00e3o \u00e9 v\u00e1lido como ou para confirma\u00e7\u00e3o de reserva;<\/li>\n<li>O hor\u00e1rio de entrada no apto \u00e9 a partir das 14h. Preencher a ficha n\u00e3o garante Early Check In;<\/li>\n<li>Crian\u00e7as com idade abaixo de 12 anos tamb\u00e9m devem ser informadas no campo Acompanhantes;<\/li>\n<li>O hotel ser\u00e1 informado da efetua\u00e7\u00e3o do seu Check In Express.<\/li>\n<\/ul>\n<p><iframe loading=\"lazy\" width=\"100%\" height=\"1150px\" src=\"https:\/\/fabiotaveiros.com.br\/coqueiros\/checkin\/ckform.php\" scrolling=\"auto\" frameborder=\"0\"><\/iframe>[:es]Rellene el siguiente formulario para confirmar su Check In\u00a0Express. Este registro no es una\u00a0garantia de reserva en el Coqueiros Express Hotel. S\u00f3lo debe ser completada despu\u00e9s de confirmada la reserva. Se requiere la realizaci\u00f3n individual para cada reserva.<\/p>\n<h3>Algunas recomendaciones antes de llenar su formulario:<\/h3>\n<ul>\n<li>Este formulario debe ser completado despu\u00e9s de una reserva ya realizada;<\/li>\n<li>Todos los campos deben ser llenados correctamente;<\/li>\n<li>Este documento no es v\u00e1lido o una confirmaci\u00f3n de reserva;<\/li>\n<li>El tiempo de entrada en el ajuste es de 14h. Rellenar el formulario no garantiza Early Check In;<\/li>\n<li>Los ni\u00f1os menores de 12 a\u00f1os de edad tambi\u00e9n deben ser informados en el campo de los acompa\u00f1antes;<\/li>\n<li>El hotel ser\u00e1 informado de la efectuaci\u00f3n de su Check In.<\/li>\n<\/ul>\n<p><iframe loading=\"lazy\" width=\"100%\" height=\"1150px\" src=\"https:\/\/fabiotaveiros.com.br\/coqueiros\/checkin\/ckform.php\" scrolling=\"auto\" frameborder=\"0\"><\/iframe>[:]<\/p>","protected":false},"excerpt":{"rendered":"<p>[:pb]Preencha corretamente os dados abaixo para confirmar seu Check In Express. Este registro n\u00e3o \u00e9 uma garatia de reserva no Coqueiros Express Hotel. S\u00f3 deve ser preenchido ap\u00f3s a reserva ser confirmada. Faz-se necess\u00e1rio o preenchimento individual para cada reserva. Algumas recomenda\u00e7\u00f5es antes de preencher sua ficha: Esta ficha deve ser preenchida ap\u00f3s uma reserva [&hellip;]<\/p>","protected":false},"author":2,"featured_media":0,"parent":0,"menu_order":0,"comment_status":"closed","ping_status":"closed","template":"","meta":{"_acf_changed":false,"footnotes":""},"class_list":["post-562","page","type-page","status-publish","hentry"],"acf":[],"_links":{"self":[{"href":"https:\/\/coqueirosexpress.com.br\/es\/wp-json\/wp\/v2\/pages\/562","targetHints":{"allow":["GET"]}}],"collection":[{"href":"https:\/\/coqueirosexpress.com.br\/es\/wp-json\/wp\/v2\/pages"}],"about":[{"href":"https:\/\/coqueirosexpress.com.br\/es\/wp-json\/wp\/v2\/types\/page"}],"author":[{"embeddable":true,"href":"https:\/\/coqueirosexpress.com.br\/es\/wp-json\/wp\/v2\/users\/2"}],"replies":[{"embeddable":true,"href":"https:\/\/coqueirosexpress.com.br\/es\/wp-json\/wp\/v2\/comments?post=562"}],"version-history":[{"count":3,"href":"https:\/\/coqueirosexpress.com.br\/es\/wp-json\/wp\/v2\/pages\/562\/revisions"}],"predecessor-version":[{"id":600,"href":"https:\/\/coqueirosexpress.com.br\/es\/wp-json\/wp\/v2\/pages\/562\/revisions\/600"}],"wp:attachment":[{"href":"https:\/\/coqueirosexpress.com.br\/es\/wp-json\/wp\/v2\/media?parent=562"}],"curies":[{"name":"wp","href":"https:\/\/api.w.org\/{rel}","templated":true}]}}