{"id":7,"date":"2014-08-27T19:25:11","date_gmt":"2014-08-27T19:25:11","guid":{"rendered":"http:\/\/www.ritzplazamar.com.br\/?page_id=7"},"modified":"2024-02-22T14:20:42","modified_gmt":"2024-02-22T14:20:42","slug":"acomodacoes","status":"publish","type":"page","link":"https:\/\/coqueirosexpress.com.br\/es\/acomodacoes\/","title":{"rendered":"Habitaciones"},"content":{"rendered":"<p>Hay 44 apartamentos est\u00e1ndar, divididos en categor\u00edas dobles, dobles y triples. Todas las unidades est\u00e1n equipadas para ofrecer comodidad y practicidad a los hu\u00e9spedes.<\/p>\n<div class=\"row page-level\" data-scroll-reveal=\"enter bottom\">\n<div class=\"col-md-4 page-level-content facilities-content\">\n<h2>Configuraci\u00f3n de los apartamentos<\/h2>\n<ul>\n<li>SMART Tv 32\u2033 con canales de suscripci\u00f3n<\/li>\n<li>Wi-Fi gratis<\/li>\n<li>Aire acondicionado split con tecnolog\u00eda inverter<\/li>\n<li>Seguro<\/li>\n<li>Frigobar<\/li>\n<li>Secador de pelo<\/li>\n<li>Mesa de estudio\/trabajo<\/li>\n<li>Tel\u00e9fono de marcaci\u00f3n directa DDD\/DDI<\/li>\n<\/ul>\n<p><a class=\"btn btn-level-2 btn-margin\" href=\"\/\/coqueirosexpress.letsbook.com.br\/d\">Reserve ahora<\/a><\/p>\n<\/div>\n<div class=\"col-md-8 no-padding\">\n\t\t<!-- MasterSlider -->\n\t\t<div id=\"P_MS69f1d8385291f\" class=\"master-slider-parent msl ms-parent-id-4\" style=\"max-width:1100px;\">\n\n\t\t\t\n\t\t\t<!-- MasterSlider Main -->\n\t\t\t<div id=\"MS69f1d8385291f\" class=\"master-slider ms-skin-default\" >\n\t\t\t\t \t\t\t\t \n\t\t\t\t<div  class=\"ms-slide\" data-delay=\"3\" data-fill-mode=\"fill\"  >\n\t\t\t\t\t<img decoding=\"async\" src=\"https:\/\/coqueirosexpress.com.br\/wp\/wp-content\/plugins\/master-slider\/public\/assets\/css\/blank.gif\" alt=\"\" title=\"\" data-src=\"https:\/\/coqueirosexpress.com.br\/wp\/wp-content\/uploads\/gal-img-coqueiros-express-acomodacoes-casal.jpg\" \/>\n\n\t\t\t\t\t<div class=\"ms-info ms-info-empty\">&nbsp;<\/div>\n\n\n\t<div class=\"ms-thumb\" ><div class=\"ms-tab-context\"><div class=\"&quot;ms-tab-context&quot;\"><\/div><\/div>\n<\/div>\n\t\t\t\t<\/div>\n\t\t\t\t<div  class=\"ms-slide\" data-delay=\"3\" data-fill-mode=\"fill\"  >\n\t\t\t\t\t<img decoding=\"async\" src=\"https:\/\/coqueirosexpress.com.br\/wp\/wp-content\/plugins\/master-slider\/public\/assets\/css\/blank.gif\" alt=\"\" title=\"\" data-src=\"https:\/\/coqueirosexpress.com.br\/wp\/wp-content\/uploads\/gal-img-coqueiros-express-acomodacoes-duplo.jpg\" \/>\n\n\t\t\t\t\t<div class=\"ms-info ms-info-empty\">&nbsp;<\/div>\n\n\n\t<div class=\"ms-thumb\" ><div class=\"ms-tab-context\"><div class=\"&quot;ms-tab-context&quot;\"><\/div><\/div>\n<\/div>\n\t\t\t\t<\/div>\n\t\t\t\t<div  class=\"ms-slide\" data-delay=\"3\" data-fill-mode=\"fill\"  >\n\t\t\t\t\t<img decoding=\"async\" src=\"https:\/\/coqueirosexpress.com.br\/wp\/wp-content\/plugins\/master-slider\/public\/assets\/css\/blank.gif\" alt=\"\" title=\"\" data-src=\"https:\/\/coqueirosexpress.com.br\/wp\/wp-content\/uploads\/gal-img-coqueiros-express-acomodacoes-triplo.jpg\" \/>\n\n\t\t\t\t\t<div class=\"ms-info ms-info-empty\">&nbsp;<\/div>\n\n\n\t<div class=\"ms-thumb\" ><div class=\"ms-tab-context\"><div class=\"&quot;ms-tab-context&quot;\"><\/div><\/div>\n<\/div>\n\t\t\t\t<\/div>\n\t\t\t\t<div  class=\"ms-slide\" data-delay=\"3\" data-fill-mode=\"fill\"  >\n\t\t\t\t\t<img decoding=\"async\" src=\"https:\/\/coqueirosexpress.com.br\/wp\/wp-content\/plugins\/master-slider\/public\/assets\/css\/blank.gif\" alt=\"\" title=\"\" data-src=\"https:\/\/coqueirosexpress.com.br\/wp\/wp-content\/uploads\/gal-img-coqueiros-express-acomodacoes-cofre.jpg\" \/>\n\n\t\t\t\t\t<div class=\"ms-info ms-info-empty\">&nbsp;<\/div>\n\n\n\t<div class=\"ms-thumb\" ><div class=\"ms-tab-context\"><div class=\"&quot;ms-tab-context&quot;\"><\/div><\/div>\n<\/div>\n\t\t\t\t<\/div>\n\t\t\t\t<div  class=\"ms-slide\" data-delay=\"3\" data-fill-mode=\"fill\"  >\n\t\t\t\t\t<img decoding=\"async\" src=\"https:\/\/coqueirosexpress.com.br\/wp\/wp-content\/plugins\/master-slider\/public\/assets\/css\/blank.gif\" alt=\"\" title=\"\" data-src=\"https:\/\/coqueirosexpress.com.br\/wp\/wp-content\/uploads\/galeria-acomodacoes-duplo-twin-coqueiros-express-maceio-3.jpg\" \/>\n\n\t\t\t\t\t<div class=\"ms-info ms-info-empty\">&nbsp;<\/div>\n\n\n\t<div class=\"ms-thumb\" ><div class=\"ms-tab-context\"><div class=\"&quot;ms-tab-context&quot;\"><\/div><\/div>\n<\/div>\n\t\t\t\t<\/div>\n\t\t\t\t<div  class=\"ms-slide\" data-delay=\"3\" data-fill-mode=\"fill\"  >\n\t\t\t\t\t<img decoding=\"async\" src=\"https:\/\/coqueirosexpress.com.br\/wp\/wp-content\/plugins\/master-slider\/public\/assets\/css\/blank.gif\" alt=\"\" title=\"\" data-src=\"https:\/\/coqueirosexpress.com.br\/wp\/wp-content\/uploads\/galeria-acomodacoes-duplo-twin-coqueiros-express-maceio1.jpg\" \/>\n\n\t\t\t\t\t<div class=\"ms-info ms-info-empty\">&nbsp;<\/div>\n\n\n\t<div class=\"ms-thumb\" ><div class=\"ms-tab-context\"><div class=\"&quot;ms-tab-context&quot;\"><\/div><\/div>\n<\/div>\n\t\t\t\t<\/div>\n\t\t\t\t<div  class=\"ms-slide\" data-delay=\"3\" data-fill-mode=\"fill\"  >\n\t\t\t\t\t<img decoding=\"async\" src=\"https:\/\/coqueirosexpress.com.br\/wp\/wp-content\/plugins\/master-slider\/public\/assets\/css\/blank.gif\" alt=\"\" title=\"\" data-src=\"https:\/\/coqueirosexpress.com.br\/wp\/wp-content\/uploads\/galeria-acomodacoes-duplo-casal-coqueiros-express-maceio1.jpg\" \/>\n\n\t\t\t\t\t<div class=\"ms-info ms-info-empty\">&nbsp;<\/div>\n\n\n\t<div class=\"ms-thumb\" ><div class=\"ms-tab-context\"><div class=\"&quot;ms-tab-context&quot;\"><\/div><\/div>\n<\/div>\n\t\t\t\t<\/div>\n\t\t\t\t<div  class=\"ms-slide\" data-delay=\"3\" data-fill-mode=\"fill\"  >\n\t\t\t\t\t<img decoding=\"async\" src=\"https:\/\/coqueirosexpress.com.br\/wp\/wp-content\/plugins\/master-slider\/public\/assets\/css\/blank.gif\" alt=\"\" title=\"\" data-src=\"https:\/\/coqueirosexpress.com.br\/wp\/wp-content\/uploads\/galeria-acomodacoes-duplo-twin-coqueiros-express-maceio-2.jpg\" \/>\n\n\t\t\t\t\t<div class=\"ms-info ms-info-empty\">&nbsp;<\/div>\n\n\n\t<div class=\"ms-thumb\" ><div class=\"ms-tab-context\"><div class=\"&quot;ms-tab-context&quot;\"><\/div><\/div>\n<\/div>\n\t\t\t\t<\/div>\n\t\t\t\t<div  class=\"ms-slide\" data-delay=\"3\" data-fill-mode=\"fill\"  >\n\t\t\t\t\t<img decoding=\"async\" src=\"https:\/\/coqueirosexpress.com.br\/wp\/wp-content\/plugins\/master-slider\/public\/assets\/css\/blank.gif\" alt=\"\" title=\"\" data-src=\"https:\/\/coqueirosexpress.com.br\/wp\/wp-content\/uploads\/galeria-acomodacoes-duplo-coqueiros-express-maceio.jpg\" \/>\n\n\t\t\t\t\t<div class=\"ms-info ms-info-empty\">&nbsp;<\/div>\n\n\n\t<div class=\"ms-thumb\" ><div class=\"ms-tab-context\"><div class=\"&quot;ms-tab-context&quot;\"><\/div><\/div>\n<\/div>\n\t\t\t\t<\/div>\n\t\t\t\t<div  class=\"ms-slide\" data-delay=\"3\" data-fill-mode=\"fill\"  >\n\t\t\t\t\t<img decoding=\"async\" src=\"https:\/\/coqueirosexpress.com.br\/wp\/wp-content\/plugins\/master-slider\/public\/assets\/css\/blank.gif\" alt=\"\" title=\"\" data-src=\"https:\/\/coqueirosexpress.com.br\/wp\/wp-content\/uploads\/galeria-acomodacoes-triplo-coqueiros-express-maceio1.jpg\" \/>\n\n\t\t\t\t\t<div class=\"ms-info ms-info-empty\">&nbsp;<\/div>\n\n\n\t<div class=\"ms-thumb\" ><div class=\"ms-tab-context\"><div class=\"&quot;ms-tab-context&quot;\"><\/div><\/div>\n<\/div>\n\t\t\t\t<\/div>\n\t\t\t\t<div  class=\"ms-slide\" data-delay=\"3\" data-fill-mode=\"fill\"  >\n\t\t\t\t\t<img decoding=\"async\" src=\"https:\/\/coqueirosexpress.com.br\/wp\/wp-content\/plugins\/master-slider\/public\/assets\/css\/blank.gif\" alt=\"\" title=\"\" data-src=\"https:\/\/coqueirosexpress.com.br\/wp\/wp-content\/uploads\/galeria-acomodacoes-lua-de-mel-coqueiros-express-maceio.jpg\" \/>\n\n\t\t\t\t\t<div class=\"ms-info ms-info-empty\">&nbsp;<\/div>\n\n\n\t<div class=\"ms-thumb\" ><div class=\"ms-tab-context\"><div class=\"&quot;ms-tab-context&quot;\"><\/div><\/div>\n<\/div>\n\t\t\t\t<\/div>\n\t\t\t\t<div  class=\"ms-slide\" data-delay=\"3\" data-fill-mode=\"fill\"  >\n\t\t\t\t\t<img decoding=\"async\" src=\"https:\/\/coqueirosexpress.com.br\/wp\/wp-content\/plugins\/master-slider\/public\/assets\/css\/blank.gif\" alt=\"\" title=\"\" data-src=\"https:\/\/coqueirosexpress.com.br\/wp\/wp-content\/uploads\/galeria-acomodacoes-lua-de-mel-coqueiros-express-maceio-2.jpg\" \/>\n\n\t\t\t\t\t<div class=\"ms-info ms-info-empty\">&nbsp;<\/div>\n\n\n\t<div class=\"ms-thumb\" ><div class=\"ms-tab-context\"><div class=\"&quot;ms-tab-context&quot;\"><\/div><\/div>\n<\/div>\n\t\t\t\t<\/div>\n\t\t\t\t<div  class=\"ms-slide\" data-delay=\"3\" data-fill-mode=\"fill\"  >\n\t\t\t\t\t<img decoding=\"async\" src=\"https:\/\/coqueirosexpress.com.br\/wp\/wp-content\/plugins\/master-slider\/public\/assets\/css\/blank.gif\" alt=\"\" title=\"\" data-src=\"https:\/\/coqueirosexpress.com.br\/wp\/wp-content\/uploads\/galeria-acomodacoes-aniversario-coqueiros-express-maceio.jpg\" \/>\n\n\t\t\t\t\t<div class=\"ms-info ms-info-empty\">&nbsp;<\/div>\n\n\n\t<div class=\"ms-thumb\" ><div class=\"ms-tab-context\"><div class=\"&quot;ms-tab-context&quot;\"><\/div><\/div>\n<\/div>\n\t\t\t\t<\/div>\n\n\t\t\t<\/div>\n\t\t\t<!-- END MasterSlider Main -->\n\n\t\t\t \n\t\t<\/div>\n\t\t<!-- END MasterSlider -->\n\n\t\t<script>\n\t\t(function ( $ ) {\n\t\t\t\"use strict\";\n\n\t\t\t$(function () {\n\t\t\t\tvar masterslider_291f = new MasterSlider();\n\n\t\t\t\t\/\/ slider controls\n\t\t\t\tmasterslider_291f.control('arrows'     ,{ autohide:true, overVideo:true  });\n\t\t\t\tmasterslider_291f.control('slideinfo'  ,{ autohide:false, overVideo:true, dir:'h', align:'bottom',inset:true , margin:15   });\n\t\t\t\t\/\/ slider setup\n\t\t\t\tmasterslider_291f.setup(\"MS69f1d8385291f\", {\n\t\t\t\t\t\twidth           : 1100,\n\t\t\t\t\t\theight          : 760,\n\t\t\t\t\t\tminHeight       : 300,\n\t\t\t\t\t\tspace           : 0,\n\t\t\t\t\t\tstart           : 1,\n\t\t\t\t\t\tgrabCursor      : false,\n\t\t\t\t\t\tswipe           : true,\n\t\t\t\t\t\tmouse           : false,\n\t\t\t\t\t\tlayout          : \"boxed\",\n\t\t\t\t\t\twheel           : false,\n\t\t\t\t\t\tautoplay        : true,\n\t\t\t\t\t\tinstantStartLayers:false,\n\t\t\t\t\t\tloop            : true,\n\t\t\t\t\t\tshuffle         : false,\n\t\t\t\t\t\tpreload         : 0,\n\t\t\t\t\t\theightLimit     : true,\n\t\t\t\t\t\tautoHeight      : false,\n\t\t\t\t\t\tsmoothHeight    : true,\n\t\t\t\t\t\tendPause        : false,\n\t\t\t\t\t\toverPause       : false,\n\t\t\t\t\t\tfillMode        : \"fill\",\n\t\t\t\t\t\tcenterControls  : true,\n\t\t\t\t\t\tstartOnAppear   : false,\n\t\t\t\t\t\tlayersMode      : \"center\",\n\t\t\t\t\t\thideLayers      : false,\n\t\t\t\t\t\tfullscreenMargin: 0,\n\t\t\t\t\t\tspeed           : 20,\n\t\t\t\t\t\tdir             : \"h\",\n\t\t\t\t\t\tparallaxMode    : 'swipe',\n\t\t\t\t\t\tview            : \"fade\"\n\t\t\t\t});\n\n\t\t\t\t\n\t\t\t\twindow.masterslider_instances = window.masterslider_instances || [];\n\t\t\t\twindow.masterslider_instances.push( masterslider_291f );\n\t\t\t });\n\n\t\t})(jQuery);\n\t\t<\/script>\n\n<\/div>\n<\/div>","protected":false},"excerpt":{"rendered":"<p>S\u00e3o 44 apartamentos standard, divididos nas categorias duplo twin, casal e triplo. Todos as unidades s\u00e3o equipadas para oferecer conforto e praticidade aos h\u00f3spedes. Configura\u00e7\u00e3o dos apartamentos SMART Tv 32&#8243; com canais por assinatura Wi-Fi gratuito Ar-condicionado split com tecnologia inverter Cofre Frigobar Secador de cabelos Mesa de estudo\/ trabalho Telefone com discagem direta DDD\/DDI [&hellip;]<\/p>","protected":false},"author":2,"featured_media":0,"parent":0,"menu_order":0,"comment_status":"open","ping_status":"open","template":"","meta":{"_acf_changed":false,"footnotes":""},"class_list":["post-7","page","type-page","status-publish","hentry"],"acf":[],"_links":{"self":[{"href":"https:\/\/coqueirosexpress.com.br\/es\/wp-json\/wp\/v2\/pages\/7","targetHints":{"allow":["GET"]}}],"collection":[{"href":"https:\/\/coqueirosexpress.com.br\/es\/wp-json\/wp\/v2\/pages"}],"about":[{"href":"https:\/\/coqueirosexpress.com.br\/es\/wp-json\/wp\/v2\/types\/page"}],"author":[{"embeddable":true,"href":"https:\/\/coqueirosexpress.com.br\/es\/wp-json\/wp\/v2\/users\/2"}],"replies":[{"embeddable":true,"href":"https:\/\/coqueirosexpress.com.br\/es\/wp-json\/wp\/v2\/comments?post=7"}],"version-history":[{"count":49,"href":"https:\/\/coqueirosexpress.com.br\/es\/wp-json\/wp\/v2\/pages\/7\/revisions"}],"predecessor-version":[{"id":688,"href":"https:\/\/coqueirosexpress.com.br\/es\/wp-json\/wp\/v2\/pages\/7\/revisions\/688"}],"wp:attachment":[{"href":"https:\/\/coqueirosexpress.com.br\/es\/wp-json\/wp\/v2\/media?parent=7"}],"curies":[{"name":"wp","href":"https:\/\/api.w.org\/{rel}","templated":true}]}}